{"id":9736,"date":"2026-02-06T19:28:02","date_gmt":"2026-02-06T19:28:02","guid":{"rendered":"https:\/\/kafetravel.com\/?page_id=9736"},"modified":"2026-02-06T20:13:11","modified_gmt":"2026-02-06T20:13:11","slug":"about-us","status":"publish","type":"page","link":"https:\/\/kafetravel.com\/es\/about-us\/","title":{"rendered":"About us"},"content":{"rendered":"<div data-elementor-type=\"wp-page\" data-elementor-id=\"9736\" class=\"elementor elementor-9736\" data-elementor-post-type=\"page\">\n\t\t\t\t<div class=\"elementor-element elementor-element-c9345ac e-flex e-con-boxed e-con e-parent\" data-id=\"c9345ac\" data-element_type=\"container\" data-e-type=\"container\" data-settings=\"{&quot;background_background&quot;:&quot;video&quot;,&quot;background_video_link&quot;:&quot;https:\\\/\\\/www.youtube.com\\\/watch?v=B8TC97CD3rg&quot;}\">\n\t\t\t\t\t<div class=\"e-con-inner\">\n\t\t<div class=\"elementor-background-video-container elementor-hidden-mobile\">\n\t\t\t\t\t\t\t<div class=\"elementor-background-video-embed\" role=\"presentation\"><\/div>\n\t\t\t\t\t\t<\/div><div class=\"elementor-element elementor-element-4d6bc01 e-con-full e-flex e-con e-child\" data-id=\"4d6bc01\" data-element_type=\"container\" data-e-type=\"container\">\n\t\t\t\t<\/div>\n\t\t<div class=\"elementor-element elementor-element-de5ea32 e-grid e-con-full e-con e-child\" data-id=\"de5ea32\" data-element_type=\"container\" data-e-type=\"container\">\n\t\t\t\t<div class=\"elementor-element elementor-element-662f3b7 elementor-widget elementor-widget-text-editor\" data-id=\"662f3b7\" data-element_type=\"widget\" data-e-type=\"widget\" data-widget_type=\"text-editor.default\">\n\t\t\t\t<div class=\"elementor-widget-container\">\n\t\t\t\t\t\t\t\t\t<p>NOSOTROS<\/p>\t\t\t\t\t\t\t\t<\/div>\n\t\t\t\t<\/div>\n\t\t\t\t<div class=\"elementor-element elementor-element-be32ae9 elementor-widget elementor-widget-text-editor\" data-id=\"be32ae9\" data-element_type=\"widget\" data-e-type=\"widget\" data-widget_type=\"text-editor.default\">\n\t\t\t\t<div class=\"elementor-widget-container\">\n\t\t\t\t\t\t\t\t\t<p data-start=\"56\" data-end=\"113\"><strong>Viajar es nuestra pasi\u00f3n, hacerte feliz nuestra misi\u00f3n<\/strong><\/p><p data-start=\"115\" data-end=\"387\">Kafe Travel Company naci\u00f3 con un prop\u00f3sito claro: transformar la manera en que las personas viven sus vacaciones. Somos m\u00e1s que una agencia de viajes; somos un equipo de asesores apasionados por descubrir nuevas culturas, paisajes y experiencias, y compartirlas contigo.<\/p>\t\t\t\t\t\t\t\t<\/div>\n\t\t\t\t<\/div>\n\t\t\t\t<\/div>\n\t\t\t\t\t<\/div>\n\t\t\t\t<\/div>\n\t\t<div class=\"elementor-element elementor-element-0371333 e-flex e-con-boxed e-con e-parent\" data-id=\"0371333\" data-element_type=\"container\" data-e-type=\"container\" data-settings=\"{&quot;background_background&quot;:&quot;gradient&quot;}\">\n\t\t\t\t\t<div class=\"e-con-inner\">\n\t\t<div class=\"elementor-element elementor-element-580786b e-con-full e-flex e-con e-child\" data-id=\"580786b\" data-element_type=\"container\" data-e-type=\"container\">\n\t\t\t\t<\/div>\n\t\t<div class=\"elementor-element elementor-element-0b86d67 e-con-full e-flex e-con e-child\" data-id=\"0b86d67\" data-element_type=\"container\" data-e-type=\"container\">\n\t\t<div class=\"elementor-element elementor-element-a9992a3 e-con-full e-flex e-con e-child\" data-id=\"a9992a3\" data-element_type=\"container\" data-e-type=\"container\">\n\t\t\t\t<div class=\"elementor-element elementor-element-6050ea4 elementor-widget elementor-widget-text-editor\" data-id=\"6050ea4\" data-element_type=\"widget\" data-e-type=\"widget\" data-widget_type=\"text-editor.default\">\n\t\t\t\t<div class=\"elementor-widget-container\">\n\t\t\t\t\t\t\t\t\t<p><strong>VIAJAR ES <\/strong><\/p><p><strong>NUESTRA PASI\u00d3N<\/strong><\/p>\t\t\t\t\t\t\t\t<\/div>\n\t\t\t\t<\/div>\n\t\t\t\t<\/div>\n\t\t\t\t<div class=\"elementor-element elementor-element-ea689a3 elementor-widget elementor-widget-text-editor\" data-id=\"ea689a3\" data-element_type=\"widget\" data-e-type=\"widget\" data-widget_type=\"text-editor.default\">\n\t\t\t\t<div class=\"elementor-widget-container\">\n\t\t\t\t\t\t\t\t\t<p>Con a\u00f1os de experiencia en el sector tur\u00edstico, entendemos que cada viajero es \u00fanico. Por eso ofrecemos asesor\u00eda personalizada, atenci\u00f3n al detalle y un servicio humano, c\u00e1lido y profesional. Nos aseguramos de que cada reserva, cada destino y cada experiencia est\u00e9 pensada para superar tus expectativas.<\/p>\t\t\t\t\t\t\t\t<\/div>\n\t\t\t\t<\/div>\n\t\t\t\t<\/div>\n\t\t<div class=\"elementor-element elementor-element-f51c600 e-con-full e-flex e-con e-child\" data-id=\"f51c600\" data-element_type=\"container\" data-e-type=\"container\">\n\t\t\t\t<div class=\"elementor-element elementor-element-ca26457 elementor-invisible elementor-widget elementor-widget-image\" data-id=\"ca26457\" data-element_type=\"widget\" data-e-type=\"widget\" data-settings=\"{&quot;_animation&quot;:&quot;fadeInRight&quot;}\" data-widget_type=\"image.default\">\n\t\t\t\t<div class=\"elementor-widget-container\">\n\t\t\t\t\t\t\t\t\t\t\t\t\t\t\t<img fetchpriority=\"high\" decoding=\"async\" width=\"738\" height=\"522\" src=\"https:\/\/kafetravel.com\/wp-content\/uploads\/2026\/02\/13-768x543.png\" class=\"attachment-medium_large size-medium_large wp-image-9744\" alt=\"\" srcset=\"https:\/\/kafetravel.com\/wp-content\/uploads\/2026\/02\/13-768x543.png 768w, https:\/\/kafetravel.com\/wp-content\/uploads\/2026\/02\/13-300x212.png 300w, https:\/\/kafetravel.com\/wp-content\/uploads\/2026\/02\/13-18x12.png 18w, https:\/\/kafetravel.com\/wp-content\/uploads\/2026\/02\/13-150x106.png 150w, https:\/\/kafetravel.com\/wp-content\/uploads\/2026\/02\/13.png 793w\" sizes=\"(max-width: 738px) 100vw, 738px\" \/>\t\t\t\t\t\t\t\t\t\t\t\t\t\t\t<\/div>\n\t\t\t\t<\/div>\n\t\t\t\t<\/div>\n\t\t\t\t\t<\/div>\n\t\t\t\t<\/div>\n\t\t<div class=\"elementor-element elementor-element-b4ec53c e-flex e-con-boxed e-con e-parent\" data-id=\"b4ec53c\" data-element_type=\"container\" data-e-type=\"container\" data-settings=\"{&quot;background_background&quot;:&quot;gradient&quot;}\">\n\t\t\t\t\t<div class=\"e-con-inner\">\n\t\t<div class=\"elementor-element elementor-element-ede9c17 e-con-full e-flex e-con e-child\" data-id=\"ede9c17\" data-element_type=\"container\" data-e-type=\"container\">\n\t\t\t\t<\/div>\n\t\t<div class=\"elementor-element elementor-element-3287208 e-con-full e-flex e-con e-child\" data-id=\"3287208\" data-element_type=\"container\" data-e-type=\"container\">\n\t\t\t\t<div class=\"elementor-element elementor-element-6dc6e47 elementor-invisible elementor-widget elementor-widget-image\" data-id=\"6dc6e47\" data-element_type=\"widget\" data-e-type=\"widget\" data-settings=\"{&quot;_animation&quot;:&quot;fadeInLeft&quot;}\" data-widget_type=\"image.default\">\n\t\t\t\t<div class=\"elementor-widget-container\">\n\t\t\t\t\t\t\t\t\t\t\t\t\t\t\t<img decoding=\"async\" width=\"544\" height=\"561\" src=\"https:\/\/kafetravel.com\/wp-content\/uploads\/2026\/02\/14-1.png\" class=\"attachment-medium_large size-medium_large wp-image-9758\" alt=\"\" srcset=\"https:\/\/kafetravel.com\/wp-content\/uploads\/2026\/02\/14-1.png 544w, https:\/\/kafetravel.com\/wp-content\/uploads\/2026\/02\/14-1-291x300.png 291w, https:\/\/kafetravel.com\/wp-content\/uploads\/2026\/02\/14-1-12x12.png 12w, https:\/\/kafetravel.com\/wp-content\/uploads\/2026\/02\/14-1-145x150.png 145w\" sizes=\"(max-width: 544px) 100vw, 544px\" \/>\t\t\t\t\t\t\t\t\t\t\t\t\t\t\t<\/div>\n\t\t\t\t<\/div>\n\t\t\t\t<\/div>\n\t\t<div class=\"elementor-element elementor-element-bcd18e6 e-con-full e-flex e-con e-child\" data-id=\"bcd18e6\" data-element_type=\"container\" data-e-type=\"container\">\n\t\t<div class=\"elementor-element elementor-element-f51eedb e-con-full e-flex e-con e-child\" data-id=\"f51eedb\" data-element_type=\"container\" data-e-type=\"container\">\n\t\t\t\t<div class=\"elementor-element elementor-element-2656918 elementor-widget elementor-widget-text-editor\" data-id=\"2656918\" data-element_type=\"widget\" data-e-type=\"widget\" data-widget_type=\"text-editor.default\">\n\t\t\t\t<div class=\"elementor-widget-container\">\n\t\t\t\t\t\t\t\t\t<p><strong data-start=\"3\" data-end=\"14\">MISI\u00d3N<\/strong><\/p>\t\t\t\t\t\t\t\t<\/div>\n\t\t\t\t<\/div>\n\t\t\t\t<\/div>\n\t\t\t\t<div class=\"elementor-element elementor-element-e7170d0 elementor-widget elementor-widget-text-editor\" data-id=\"e7170d0\" data-element_type=\"widget\" data-e-type=\"widget\" data-widget_type=\"text-editor.default\">\n\t\t\t\t<div class=\"elementor-widget-container\">\n\t\t\t\t\t\t\t\t\t<p data-start=\"0\" data-end=\"109\"><strong>\"Crear experiencias de viaje \u00fanicas que conecten a las personas con el mundo y con ellas mismas.\"<\/strong><\/p><p data-start=\"111\" data-end=\"345\">En Kafe Travel Company, nuestra misi\u00f3n es mucho m\u00e1s que vender paquetes tur\u00edsticos: es inspirar a cada viajero a descubrir, vivir y so\u00f1ar. Dise\u00f1amos viajes que se adaptan a las emociones, necesidades y expectativas de cada cliente.<\/p><p data-start=\"347\" data-end=\"523\">Desde un traslado c\u00f3modo hasta una excursi\u00f3n espiritual, desde un crucero familiar hasta una luna de miel m\u00e1gica... nos encargamos de cada detalle para que t\u00fa solo te dediques a disfrutar.<\/p>\t\t\t\t\t\t\t\t<\/div>\n\t\t\t\t<\/div>\n\t\t\t\t<\/div>\n\t\t<div class=\"elementor-element elementor-element-805ba7a e-con-full e-flex e-con e-child\" data-id=\"805ba7a\" data-element_type=\"container\" data-e-type=\"container\">\n\t\t\t\t<\/div>\n\t\t\t\t\t<\/div>\n\t\t\t\t<\/div>\n\t\t<div class=\"elementor-element elementor-element-13158d9 e-flex e-con-boxed e-con e-parent\" data-id=\"13158d9\" data-element_type=\"container\" data-e-type=\"container\" data-settings=\"{&quot;background_background&quot;:&quot;gradient&quot;}\">\n\t\t\t\t\t<div class=\"e-con-inner\">\n\t\t<div class=\"elementor-element elementor-element-498ae45 e-con-full e-flex e-con e-child\" data-id=\"498ae45\" data-element_type=\"container\" data-e-type=\"container\">\n\t\t\t\t<\/div>\n\t\t<div class=\"elementor-element elementor-element-027a3da e-con-full e-flex e-con e-child\" data-id=\"027a3da\" data-element_type=\"container\" data-e-type=\"container\">\n\t\t<div class=\"elementor-element elementor-element-887a913 e-con-full e-flex e-con e-child\" data-id=\"887a913\" data-element_type=\"container\" data-e-type=\"container\">\n\t\t\t\t<div class=\"elementor-element elementor-element-a2e7d0f elementor-widget elementor-widget-text-editor\" data-id=\"a2e7d0f\" data-element_type=\"widget\" data-e-type=\"widget\" data-widget_type=\"text-editor.default\">\n\t\t\t\t<div class=\"elementor-widget-container\">\n\t\t\t\t\t\t\t\t\t<p><b>VISI\u00d3N<\/b><\/p>\t\t\t\t\t\t\t\t<\/div>\n\t\t\t\t<\/div>\n\t\t\t\t<\/div>\n\t\t\t\t<div class=\"elementor-element elementor-element-37d5e28 elementor-widget elementor-widget-text-editor\" data-id=\"37d5e28\" data-element_type=\"widget\" data-e-type=\"widget\" data-widget_type=\"text-editor.default\">\n\t\t\t\t<div class=\"elementor-widget-container\">\n\t\t\t\t\t\t\t\t\t<p data-start=\"530\" data-end=\"629\"><strong>\"Ser la agencia de viajes que transforma destinos en recuerdos imborrables.\"<\/strong><\/p><p data-start=\"631\" data-end=\"749\">Aspiramos a convertirnos en la agencia preferida de quienes buscan m\u00e1s que vacaciones: buscan historias que contar.<\/p><p data-start=\"751\" data-end=\"913\">Queremos que Kafe Travel Company sea reconocida por su servicio humano, su atenci\u00f3n personalizada, su pasi\u00f3n por el turismo y su compromiso con la excelencia.<\/p><p data-start=\"915\" data-end=\"1031\" data-is-last-node=\"\" data-is-only-node=\"\">So\u00f1amos con un mundo donde viajar sea f\u00e1cil, seguro y accesible para todos\u2026 y en ese mundo, queremos ser tu gu\u00eda.<\/p>\t\t\t\t\t\t\t\t<\/div>\n\t\t\t\t<\/div>\n\t\t\t\t<\/div>\n\t\t<div class=\"elementor-element elementor-element-1838ed2 e-con-full e-flex e-con e-child\" data-id=\"1838ed2\" data-element_type=\"container\" data-e-type=\"container\">\n\t\t\t\t<div class=\"elementor-element elementor-element-0f22d76 elementor-invisible elementor-widget elementor-widget-image\" data-id=\"0f22d76\" data-element_type=\"widget\" data-e-type=\"widget\" data-settings=\"{&quot;_animation&quot;:&quot;fadeInRight&quot;}\" data-widget_type=\"image.default\">\n\t\t\t\t<div class=\"elementor-widget-container\">\n\t\t\t\t\t\t\t\t\t\t\t\t\t\t\t<img decoding=\"async\" width=\"530\" height=\"473\" src=\"https:\/\/kafetravel.com\/wp-content\/uploads\/2026\/02\/15.png\" class=\"attachment-medium_large size-medium_large wp-image-9769\" alt=\"\" srcset=\"https:\/\/kafetravel.com\/wp-content\/uploads\/2026\/02\/15.png 530w, https:\/\/kafetravel.com\/wp-content\/uploads\/2026\/02\/15-300x268.png 300w, https:\/\/kafetravel.com\/wp-content\/uploads\/2026\/02\/15-13x12.png 13w, https:\/\/kafetravel.com\/wp-content\/uploads\/2026\/02\/15-150x134.png 150w\" sizes=\"(max-width: 530px) 100vw, 530px\" \/>\t\t\t\t\t\t\t\t\t\t\t\t\t\t\t<\/div>\n\t\t\t\t<\/div>\n\t\t\t\t<\/div>\n\t\t\t\t\t<\/div>\n\t\t\t\t<\/div>\n\t\t\t\t<\/div>","protected":false},"excerpt":{"rendered":"<p>ABOUT US \u201cTravel is our passion, making you happy is our mission.\u201d Kafe Travel Company was born with a clear purpose: to transform the way people experience their vacations. We are more than a travel agency; we are a team of passionate advisors dedicated to discovering new cultures, landscapes, and experiences, and sharing them with&#8230;<\/p>","protected":false},"author":2,"featured_media":0,"parent":0,"menu_order":0,"comment_status":"closed","ping_status":"closed","template":"","meta":{"footnotes":""},"class_list":["post-9736","page","type-page","status-publish","hentry"],"_links":{"self":[{"href":"https:\/\/kafetravel.com\/es\/wp-json\/wp\/v2\/pages\/9736","targetHints":{"allow":["GET"]}}],"collection":[{"href":"https:\/\/kafetravel.com\/es\/wp-json\/wp\/v2\/pages"}],"about":[{"href":"https:\/\/kafetravel.com\/es\/wp-json\/wp\/v2\/types\/page"}],"author":[{"embeddable":true,"href":"https:\/\/kafetravel.com\/es\/wp-json\/wp\/v2\/users\/2"}],"replies":[{"embeddable":true,"href":"https:\/\/kafetravel.com\/es\/wp-json\/wp\/v2\/comments?post=9736"}],"version-history":[{"count":25,"href":"https:\/\/kafetravel.com\/es\/wp-json\/wp\/v2\/pages\/9736\/revisions"}],"predecessor-version":[{"id":9775,"href":"https:\/\/kafetravel.com\/es\/wp-json\/wp\/v2\/pages\/9736\/revisions\/9775"}],"wp:attachment":[{"href":"https:\/\/kafetravel.com\/es\/wp-json\/wp\/v2\/media?parent=9736"}],"curies":[{"name":"wp","href":"https:\/\/api.w.org\/{rel}","templated":true}]}}